{"id":108,"date":"2021-09-07T18:07:17","date_gmt":"2021-09-08T01:07:17","guid":{"rendered":"https:\/\/nutricionparavivir.com\/?page_id=108"},"modified":"2025-05-31T10:14:09","modified_gmt":"2025-05-31T17:14:09","slug":"historia-2","status":"publish","type":"page","link":"https:\/\/nutricionparavivir.com\/?page_id=108","title":{"rendered":"\u00bfQu\u00eden Soy?"},"content":{"rendered":"\n<figure class=\"wp-block-image size-large is-resized\"><img loading=\"lazy\" decoding=\"async\" width=\"774\" height=\"1024\" src=\"https:\/\/nutricionparavivir.com\/wp-content\/uploads\/2021\/09\/Screenshot_20200815_012215_com.whatsapp2-774x1024.jpg\" alt=\"\" class=\"wp-image-120\" style=\"width:581px;height:768px\" srcset=\"https:\/\/nutricionparavivir.com\/wp-content\/uploads\/2021\/09\/Screenshot_20200815_012215_com.whatsapp2-774x1024.jpg 774w, https:\/\/nutricionparavivir.com\/wp-content\/uploads\/2021\/09\/Screenshot_20200815_012215_com.whatsapp2-227x300.jpg 227w, https:\/\/nutricionparavivir.com\/wp-content\/uploads\/2021\/09\/Screenshot_20200815_012215_com.whatsapp2-768x1015.jpg 768w, https:\/\/nutricionparavivir.com\/wp-content\/uploads\/2021\/09\/Screenshot_20200815_012215_com.whatsapp2.jpg 1080w\" sizes=\"auto, (max-width: 774px) 100vw, 774px\" \/><\/figure>\n\n\n\n<p>Hola Soy Lidiana Guerra. Soy Licenciada en Nutrici\u00f3n, Soy maestra en Vinyasa Yoga hol\u00edstica, te invito a que conozca mi historia.<\/p>\n\n\n\n<p>En el a\u00f1o 2000 estudie la carrera de Psicolog\u00eda Educativa, y a si mismo un Diplomado de Educaci\u00f3n Infantil, en esos a\u00f1os, lo cuales me interesaba la educaci\u00f3n, asist\u00ed a diversos congresos: 5To congreso Mundial de Hipnoterapia ecl\u00e9tica en Psicolog\u00eda, Psiquiatr\u00eda y medicina. 6to Congreso internacional de Psicoterapia Integrativa y Ecl\u00e9tica. Congreso Nacional Gestalt: La psicoterapia Gestalt Y nuevas perspectivas. En lo laboral&nbsp;me dedique 6 hermosos a\u00f1os, ha educaci\u00f3n Infantil, fui muy feliz haciendo lo que amaba, un hermoso regalo, que fue la ense\u00f1anza en ni\u00f1os en la edad de maternal y preescolar, fui muy feliz sin embargo en m\u00ed despertaba un mayor sue\u00f1o, <strong>SER<\/strong> mam\u00e1, y segu\u00ed mi camino, un nuevo camino de amor, fui mam\u00e1, el mayor de mis sue\u00f1os, disfrute con amor, con gozo la maternidad, he sido mam\u00e1 por tiempo completo, por muchos, muchos a\u00f1os, un hermoso camino que eleg\u00ed con amor. Cuando decides ser mam\u00e1 y dedicar tus d\u00edas enteros a tus hijos, no quiere decir que no tienes que voltear a ver, que otros sue\u00f1os siguen en el camino, y bueno nutrici\u00f3n toc\u00f3 la puerta de mi coraz\u00f3n, estudie la Licenciatura de nutrici\u00f3n, durante mi carrera realice una certificaci\u00f3n Nivel 1 en ISAK International Society for the Advancement of Kinanthropometry, me recib\u00ed de nutrici\u00f3n en Diciembre del 2018.<\/p>\n\n\n\n<p>Nutrici\u00f3n despertaba en mi algo hermoso, al graduarme realice mi servicio como pasante durante un a\u00f1o en el <strong>Hospital Pedi\u00e1trico de Sinaloa<\/strong>, disfrute y <strong>am\u00e9 mi tiempo como pasante <\/strong>en el <strong>HPS<\/strong> fue un camino al servicio, al bienestar y principalmente a la salud, durante mi servicio en HPS asist\u00ed en talleres de Nutrici\u00f3n y manejo en el paciente con Diabetes realizado en el Hospital \u00c1ngeles Culiac\u00e1n. termine mi servicio en enero del 2020, Al concluir mi servicio como pasante, llego la pandemia de Covid, Viv\u00ed una pandemia muy diferente a la de muchas personas, de confinamiento, poco entendible para muchas personas, solo s\u00e9 que el Amor a mi familia, es y ha sido siempre mi prioridad. Por algunos a\u00f1os me perd\u00ed, en algo que tambi\u00e9n amaba, que es la nutrici\u00f3n, sin embargo tuve algunos pacientes a los cuales pude ayudar y lo cu\u00e1l me llena el coraz\u00f3n. De repente lleg\u00f3 a m\u00ed, una nueva visi\u00f3n, <strong>una hermosa intuici\u00f3n<\/strong>, as\u00ed que segu\u00ed mi hermoso camino, el camino de la intuici\u00f3n en abril 2023 emprend\u00ed mi viaje hacia un mundo totalmente nuevo para m\u00ed, cada se\u00f1al que se alineaba en mi camino, mi voz interior, me dec\u00eda, este es el camino, as\u00ed que estudie una <strong>certificaci\u00f3n de Yoga Infantil<\/strong>, al finalizarla decid\u00ed estudiar mi segunda <strong>certificaci\u00f3n de Vinyasa Yoga hol\u00edstica<\/strong> la cual duro un a\u00f1o, era la base, la ra\u00edz de este nuevo camino del yoga, en Diciembre del 2024 me gradu\u00e9, <strong>cuando realmente est\u00e1 alineado a tu prop\u00f3sito, todo se sincroniza con una gran magia<\/strong>, todo este hermoso camino de aprendizaje, de ense\u00f1anza, puedo decir que mi vida se ha alineado a un camino m\u00e1s autentico, de auto exploraci\u00f3n, la verdadera plenitud no viene del exterior, sino del interior, de tu alma, una conexi\u00f3n con tu ser, con tu <strong>esencia<\/strong>. As\u00ed es como he recorrido este largo camino reconociendo mi fortalezas pero tambi\u00e9n mis debilidades, una conexi\u00f3n con mi esencia, con mi ser en conciencia plena, en autoacepetaci\u00f3n la base de todo, el amor contigo mismo.<\/p>\n\n\n\n<p>   Emprende este hermoso viaje conmigo de autoexploraci\u00f3n, y la m\u00e1s importante de autoaceptaci\u00f3n, el amor propio una conexi\u00f3n contigo mismo desde el amor hacia a ti, hacia la vida.<\/p>\n\n\n\n<p>L.N. Lidiana Guerra<\/p>\n\n\n\n<p><\/p>\n\n\n\n<p><\/p>\n","protected":false},"excerpt":{"rendered":"<p>Hola Soy Lidiana Guerra. Soy Licenciada en Nutrici\u00f3n, Soy maestra en Vinyasa Yoga hol\u00edstica, te invito a que conozca mi historia. En el a\u00f1o 2000 &hellip;<\/p>\n","protected":false},"author":1,"featured_media":152,"parent":0,"menu_order":0,"comment_status":"closed","ping_status":"closed","template":"","meta":{"_monsterinsights_skip_tracking":false,"_monsterinsights_sitenote_active":false,"_monsterinsights_sitenote_note":"","_monsterinsights_sitenote_category":0,"footnotes":""},"class_list":["post-108","page","type-page","status-publish","has-post-thumbnail","hentry"],"_links":{"self":[{"href":"https:\/\/nutricionparavivir.com\/index.php?rest_route=\/wp\/v2\/pages\/108","targetHints":{"allow":["GET"]}}],"collection":[{"href":"https:\/\/nutricionparavivir.com\/index.php?rest_route=\/wp\/v2\/pages"}],"about":[{"href":"https:\/\/nutricionparavivir.com\/index.php?rest_route=\/wp\/v2\/types\/page"}],"author":[{"embeddable":true,"href":"https:\/\/nutricionparavivir.com\/index.php?rest_route=\/wp\/v2\/users\/1"}],"replies":[{"embeddable":true,"href":"https:\/\/nutricionparavivir.com\/index.php?rest_route=%2Fwp%2Fv2%2Fcomments&post=108"}],"version-history":[{"count":14,"href":"https:\/\/nutricionparavivir.com\/index.php?rest_route=\/wp\/v2\/pages\/108\/revisions"}],"predecessor-version":[{"id":297,"href":"https:\/\/nutricionparavivir.com\/index.php?rest_route=\/wp\/v2\/pages\/108\/revisions\/297"}],"wp:featuredmedia":[{"embeddable":true,"href":"https:\/\/nutricionparavivir.com\/index.php?rest_route=\/wp\/v2\/media\/152"}],"wp:attachment":[{"href":"https:\/\/nutricionparavivir.com\/index.php?rest_route=%2Fwp%2Fv2%2Fmedia&parent=108"}],"curies":[{"name":"wp","href":"https:\/\/api.w.org\/{rel}","templated":true}]}}