{"id":107,"date":"2021-09-07T18:07:17","date_gmt":"2021-09-08T01:07:17","guid":{"rendered":"https:\/\/nutricionparavivir.com\/?page_id=107"},"modified":"2025-05-31T10:36:49","modified_gmt":"2025-05-31T17:36:49","slug":"servicios","status":"publish","type":"page","link":"https:\/\/nutricionparavivir.com\/?page_id=107","title":{"rendered":"Servicios"},"content":{"rendered":"\n<figure class=\"wp-block-gallery has-nested-images columns-default is-cropped wp-block-gallery-1 is-layout-flex wp-block-gallery-is-layout-flex\">\n<figure class=\"wp-block-image size-large\"><img loading=\"lazy\" decoding=\"async\" width=\"1024\" height=\"789\" data-id=\"274\" src=\"https:\/\/nutricionparavivir.com\/wp-content\/uploads\/2025\/02\/WhatsApp-Image-2025-02-06-at-19.07.02-2-1024x789.jpeg\" alt=\"\" class=\"wp-image-274\" srcset=\"https:\/\/nutricionparavivir.com\/wp-content\/uploads\/2025\/02\/WhatsApp-Image-2025-02-06-at-19.07.02-2-1024x789.jpeg 1024w, https:\/\/nutricionparavivir.com\/wp-content\/uploads\/2025\/02\/WhatsApp-Image-2025-02-06-at-19.07.02-2-300x231.jpeg 300w, https:\/\/nutricionparavivir.com\/wp-content\/uploads\/2025\/02\/WhatsApp-Image-2025-02-06-at-19.07.02-2-768x592.jpeg 768w, https:\/\/nutricionparavivir.com\/wp-content\/uploads\/2025\/02\/WhatsApp-Image-2025-02-06-at-19.07.02-2-389x300.jpeg 389w, https:\/\/nutricionparavivir.com\/wp-content\/uploads\/2025\/02\/WhatsApp-Image-2025-02-06-at-19.07.02-2.jpeg 1080w\" sizes=\"auto, (max-width: 1024px) 100vw, 1024px\" \/><\/figure>\n<\/figure>\n\n\n\n<p><\/p>\n\n\n\n<p><\/p>\n\n\n\n<p><\/p>\n\n\n\n<p><\/p>\n\n\n\n<p><\/p>\n\n\n\n<p><\/p>\n\n\n\n<p class=\"has-text-align-left\">Nutrici\u00f3n para vivir es mas all\u00e1, que un plan nutricional, busca que tu d\u00eda comience con una sonrisa.<\/p>\n\n\n\n<p>Nutrici\u00f3n para vivir, busca que tu d\u00eda inicie en armon\u00eda con tu cuerpo, mente y alma. Cr\u00e9eme hacer cambios de h\u00e1bitos donde el principal factor es estar en armon\u00eda con tu cuerpo, los h\u00e1bitos ser\u00e1n mas sostenibles. \u00bfY como llegar ? el camino no es f\u00e1cil, pero si eres constante, y sobretodo lo haces desde la conciencia, podr\u00e1s lograrlo.  La intenci\u00f3n no es solo bajar de peso, la visi\u00f3n va m\u00e1s all\u00e1 de una apariencia f\u00edsica, es una apertura a todas tus emociones. <\/p>\n\n\n\n<p>Me gustar\u00eda empezar, con \u00bfQue busca la nutrici\u00f3n? y cual ser\u00eda su principal visi\u00f3n. <\/p>\n\n\n\n<p>Bueno la principal visi\u00f3n en la nutrici\u00f3n, es que la clave, es muy sencilla, todo est\u00e1 en los alimentos reales y sobretodo en las porciones.<\/p>\n\n\n\n<p>\u00bfQu\u00e9 significa esto? Qu\u00e9 los platos se caracterizan por la calidad y no la cantidad.<\/p>\n\n\n\n<p>Es decir nada de comida industrial,  Solo alimentos frescos y naturales.<\/p>\n\n\n\n<p>Otro aspecto a tener en cuenta es la forma de comer, comer despacio, sin prisas y porque no, con complacencia. Dato importante no llegar al empalago, a sentirse muy abotagado, sino sentirse satisfecho con una sonrisa.<\/p>\n\n\n\n<p>As\u00ed mismo a la hora de comer puede ser divertido como un ritual, disfrutarlo, me encanta que los platillos tengan presentaci\u00f3n, en el juego visual de los alimentos. <\/p>\n\n\n\n<p> Tu sistema digestivo toma un gran papel,  adem\u00e1s estamos en una gran apertura sensorial, el olor, sabor, tacto, y podr\u00eda decir que uno de los principales sentidos, la vista, hagamos de nuestra hora de comer un juego visual de los alimentos, juega, permitete disfrutar y hacer de tu hora de comer, sea con gozo y disfrute.<\/p>\n\n\n\n<p>La gran importancia de la nutrici\u00f3n y lo que me encanta, sobretodo lo que he aprendido a lo largo de este camino, es para que la nutrici\u00f3n sea sostenible, sea integrada en tu vida diaria, esta ha de fusionarse con otras disciplinas, y he aqu\u00ed, donde entra el <strong>Yoga, como una inspiraci\u00f3n<\/strong>, no solo ser\u00e1n rutinas que te har\u00e1n tu d\u00eda m\u00e1s ligero, m\u00e1s c\u00e1lido, m\u00e1s armonioso, sino cuando en tu vida integras una actividad f\u00edsica sea yoga u otras actividades en las cuales pondr\u00e1s a tu cuerpo en un esfuerzo, la magia se da, no solo liberamos endorfinas, realmente tu cuerpo se revitaliza.<\/p>\n\n\n\n<p class=\"has-text-align-center\">As\u00ed que te invito a esta aventura, Nutrici\u00f3n para Vivir.<\/p>\n\n\n\n<p class=\"has-text-align-center\">Son programas, que te llevar\u00e1n a sentirte pleno y m\u00e1s feliz.<\/p>\n\n\n\n<p class=\"has-text-align-center\">Plan nutricional, Vinyasa Yoga Hol\u00edstico  te invitar\u00e1 a un hermoso despertar, saludos al sol para que te despiertes con energ\u00eda, alegr\u00eda y agradecido.<\/p>\n\n\n\n<p class=\"has-text-align-center\">Programa 21 d\u00edas con Nutrici\u00f3n en armon\u00eda, son 21 d\u00edas, Saludos al Sol &amp; nutrici\u00f3n el balance.<\/p>\n\n\n\n<p class=\"has-text-align-center\">Meditaci\u00f3n.<\/p>\n\n\n\n<p class=\"has-text-align-center\">Plan nutricional ( Es un plan e integral donde te ense\u00f1ar\u00e9 una rutina que te ayude a cuidarte, a sentir que est\u00e1s d\u00eda a d\u00eda ayudando a tu cuerpo, a hacer frente a los retos diarios proporcion\u00e1ndole todos los nutrientes que necesita, tips y mucho m\u00e1s ).<\/p>\n\n\n\n<p class=\"has-text-align-center\">Saludos al sol por Zoom, as\u00ed como videollamada por whatsapp, y accesoria.  <\/p>\n\n\n\n<p>En determinadas fechas se llevar\u00e1n a cabo Retos de 21 d\u00edas donde se har\u00e1n en comunidad y junt@s hacia el camino del Bienestar. <\/p>\n\n\n\n<p>Nutrici\u00f3n para vivir est\u00e1 pensado para Todos, as\u00ed que la flexibilidad es el principal camino del bienestar, para quienes solo deseen un plan nutricional, este puede ser de dos opciones, por online el cual se realiza por consulta a distancia (zoom, videollamada de whatssapp) as\u00ed como tambi\u00e9n, consulta presencial, la cual se realizan en las instalaciones de Radice Yoga.<\/p>\n\n\n\n<p>&nbsp;Temas abordar.<\/p>\n\n\n\n<ul class=\"wp-block-list\">\n<li>Educaci\u00f3n nutricional, cambio de h\u00e1bitos.<\/li>\n\n\n\n<li>Mejorar la relaci\u00f3n con la comida.<\/li>\n\n\n\n<li>Alimentaci\u00f3n sostenible.<\/li>\n\n\n\n<li>Nutrici\u00f3n para distintas patolog\u00edas: (Diabetes mellitus, hipertensi\u00f3n, enfermedades gastrointestinales).<\/li>\n<\/ul>\n\n\n\n<p>Te invito a que me sigas en este hermoso camino de h\u00e1bitos, pr\u00e1ctica y Conciencia plena, La vida es el Aqu\u00ed y Ahora, as\u00ed que v\u00edvela con gozo y disfrute, \u00bfporque? La vida es bella.<\/p>\n\n\n\n<p class=\"has-text-align-center\">El camino de <strong>nutrici\u00f3n par vivir<\/strong> te espera,  as\u00ed que, si lo sientes, sigue el camino de la intuici\u00f3n.<\/p>\n\n\n\n<p class=\"has-text-align-center\">L.N. Lidiana Guerra <\/p>\n\n\n\n<p><\/p>\n","protected":false},"excerpt":{"rendered":"<p>Nutrici\u00f3n para vivir es mas all\u00e1, que un plan nutricional, busca que tu d\u00eda comience con una sonrisa. Nutrici\u00f3n para vivir, busca que tu d\u00eda &hellip;<\/p>\n","protected":false},"author":1,"featured_media":283,"parent":0,"menu_order":0,"comment_status":"closed","ping_status":"closed","template":"","meta":{"_monsterinsights_skip_tracking":false,"_monsterinsights_sitenote_active":false,"_monsterinsights_sitenote_note":"","_monsterinsights_sitenote_category":0,"footnotes":""},"class_list":["post-107","page","type-page","status-publish","has-post-thumbnail","hentry"],"_links":{"self":[{"href":"https:\/\/nutricionparavivir.com\/index.php?rest_route=\/wp\/v2\/pages\/107","targetHints":{"allow":["GET"]}}],"collection":[{"href":"https:\/\/nutricionparavivir.com\/index.php?rest_route=\/wp\/v2\/pages"}],"about":[{"href":"https:\/\/nutricionparavivir.com\/index.php?rest_route=\/wp\/v2\/types\/page"}],"author":[{"embeddable":true,"href":"https:\/\/nutricionparavivir.com\/index.php?rest_route=\/wp\/v2\/users\/1"}],"replies":[{"embeddable":true,"href":"https:\/\/nutricionparavivir.com\/index.php?rest_route=%2Fwp%2Fv2%2Fcomments&post=107"}],"version-history":[{"count":16,"href":"https:\/\/nutricionparavivir.com\/index.php?rest_route=\/wp\/v2\/pages\/107\/revisions"}],"predecessor-version":[{"id":301,"href":"https:\/\/nutricionparavivir.com\/index.php?rest_route=\/wp\/v2\/pages\/107\/revisions\/301"}],"wp:featuredmedia":[{"embeddable":true,"href":"https:\/\/nutricionparavivir.com\/index.php?rest_route=\/wp\/v2\/media\/283"}],"wp:attachment":[{"href":"https:\/\/nutricionparavivir.com\/index.php?rest_route=%2Fwp%2Fv2%2Fmedia&parent=107"}],"curies":[{"name":"wp","href":"https:\/\/api.w.org\/{rel}","templated":true}]}}