{"id":106,"date":"2021-09-07T18:07:17","date_gmt":"2021-09-08T01:07:17","guid":{"rendered":"https:\/\/nutricionparavivir.com\/?page_id=106"},"modified":"2025-06-02T10:35:24","modified_gmt":"2025-06-02T17:35:24","slug":"contacto","status":"publish","type":"page","link":"https:\/\/nutricionparavivir.com\/?page_id=106","title":{"rendered":"Contacto"},"content":{"rendered":"\n<p class=\"has-text-align-center\">Lomas del pedregal <\/p>\n\n\n\n<p class=\"has-text-align-center\">Calle: Las Lomas N\u00ba 816<\/p>\n\n\n\n<p class=\"has-text-align-center\">Av. Am\u00e9rica<\/p>\n\n\n\n<p class=\"has-text-align-center\">Para solicitar una consulta conmigo, u obtener m\u00e1s informaci\u00f3n puedes mandar un DM.<\/p>\n\n\n\n<p class=\"has-text-align-center\">al numero de celular: 66 75 74 91 31<\/p>\n\n\n\n<p class=\"has-text-align-center\">@lidianaGuerra Radice Yoga <\/p>\n\n\n\n<p class=\"has-text-align-center\">lidyguerra.nutricion@gmail.com<\/p>\n\n\n\n<p class=\"has-text-align-center\">lidianag@hotmail.com<\/p>\n\n\n<div class=\"wp-block-image\">\n<figure class=\"aligncenter size-full is-resized\"><img loading=\"lazy\" decoding=\"async\" width=\"787\" height=\"693\" src=\"https:\/\/nutricionparavivir.com\/wp-content\/uploads\/2025\/02\/PHOTO-2024-03-04-10-00-49.jpg\" alt=\"\" class=\"wp-image-292\" style=\"width:231px;height:auto\" srcset=\"https:\/\/nutricionparavivir.com\/wp-content\/uploads\/2025\/02\/PHOTO-2024-03-04-10-00-49.jpg 787w, https:\/\/nutricionparavivir.com\/wp-content\/uploads\/2025\/02\/PHOTO-2024-03-04-10-00-49-300x264.jpg 300w, https:\/\/nutricionparavivir.com\/wp-content\/uploads\/2025\/02\/PHOTO-2024-03-04-10-00-49-768x676.jpg 768w, https:\/\/nutricionparavivir.com\/wp-content\/uploads\/2025\/02\/PHOTO-2024-03-04-10-00-49-341x300.jpg 341w\" sizes=\"auto, (max-width: 787px) 100vw, 787px\" \/><\/figure>\n<\/div>\n\n\n<p class=\"has-text-align-center\"><\/p>\n","protected":false},"excerpt":{"rendered":"<p>Lomas del pedregal Calle: Las Lomas N\u00ba 816 Av. Am\u00e9rica Para solicitar una consulta conmigo, u obtener m\u00e1s informaci\u00f3n puedes mandar un DM. al numero &hellip;<\/p>\n","protected":false},"author":1,"featured_media":136,"parent":0,"menu_order":0,"comment_status":"closed","ping_status":"closed","template":"","meta":{"_monsterinsights_skip_tracking":false,"_monsterinsights_sitenote_active":false,"_monsterinsights_sitenote_note":"","_monsterinsights_sitenote_category":0,"footnotes":""},"class_list":["post-106","page","type-page","status-publish","has-post-thumbnail","hentry"],"_links":{"self":[{"href":"https:\/\/nutricionparavivir.com\/index.php?rest_route=\/wp\/v2\/pages\/106","targetHints":{"allow":["GET"]}}],"collection":[{"href":"https:\/\/nutricionparavivir.com\/index.php?rest_route=\/wp\/v2\/pages"}],"about":[{"href":"https:\/\/nutricionparavivir.com\/index.php?rest_route=\/wp\/v2\/types\/page"}],"author":[{"embeddable":true,"href":"https:\/\/nutricionparavivir.com\/index.php?rest_route=\/wp\/v2\/users\/1"}],"replies":[{"embeddable":true,"href":"https:\/\/nutricionparavivir.com\/index.php?rest_route=%2Fwp%2Fv2%2Fcomments&post=106"}],"version-history":[{"count":9,"href":"https:\/\/nutricionparavivir.com\/index.php?rest_route=\/wp\/v2\/pages\/106\/revisions"}],"predecessor-version":[{"id":313,"href":"https:\/\/nutricionparavivir.com\/index.php?rest_route=\/wp\/v2\/pages\/106\/revisions\/313"}],"wp:featuredmedia":[{"embeddable":true,"href":"https:\/\/nutricionparavivir.com\/index.php?rest_route=\/wp\/v2\/media\/136"}],"wp:attachment":[{"href":"https:\/\/nutricionparavivir.com\/index.php?rest_route=%2Fwp%2Fv2%2Fmedia&parent=106"}],"curies":[{"name":"wp","href":"https:\/\/api.w.org\/{rel}","templated":true}]}}