{"id":105,"date":"2021-09-07T18:07:17","date_gmt":"2021-09-08T01:07:17","guid":{"rendered":"https:\/\/nutricionparavivir.com\/?page_id=105"},"modified":"2025-05-31T10:44:20","modified_gmt":"2025-05-31T17:44:20","slug":"filosofia","status":"publish","type":"page","link":"https:\/\/nutricionparavivir.com\/?page_id=105","title":{"rendered":"Filosofia"},"content":{"rendered":"\n<p>Mi filosof\u00eda&nbsp; es que te encuentres contigo mismo, modificando conductas y acciones que solo se convierten en conductas repetitivas y te deja lejos tus ideales. Pero sabes m\u00e1s all\u00e1 de perder peso, lo que obtienes es tu otro <strong>Yo<\/strong>, a ese al que no le hab\u00edas dado la oportunidad de ense\u00f1arte un camino con m\u00e1s posibilidades, con m\u00e1s sue\u00f1os, a un <strong>Yo<\/strong> que solo busca estar bien y por lo tanto <strong>ser Feliz.<\/strong><\/p>\n\n\n\n<p>\u00a0Siempre hay alternativas algunas ya conoc\u00edas y otras no, bueno d\u00e9jame decirte que estas pueden ser parte de tu vida, llevar una vida plena, es fusionarla desde lo espiritual hasta esa actividad f\u00edsica, como la <strong>practica del yoga<\/strong>, que al realizarla no solo acelera tu ritmo cardiaco, lo cual te har\u00e1 quemar calor\u00edas, pero esto est\u00e1 lejos del prop\u00f3sito, ya que va\u00a0mas all\u00e1 de calor\u00edas, es la conexi\u00f3n con tu cuerpo, con tu alma, con tu esencia. El prop\u00f3sito de<strong> nutrici\u00f3n para vivir, <\/strong>es que encuentres el balance, desde T\u00fa interior, as\u00ed como T\u00fa exterior, todo se sincroniza, encontr\u00e1ndote en plenitud, encontr\u00e1ndote en autoaceptaci\u00f3n, <strong>una conexi\u00f3n contigo mismo<\/strong>.<\/p>\n\n\n\n<figure class=\"wp-block-image size-large is-resized\"><img loading=\"lazy\" decoding=\"async\" width=\"775\" height=\"1024\" src=\"https:\/\/nutricionparavivir.com\/wp-content\/uploads\/2024\/02\/WhatsApp-Image-2024-02-10-at-21.53.59-775x1024.jpeg\" alt=\"\" class=\"wp-image-194\" style=\"width:649px;height:auto\" srcset=\"https:\/\/nutricionparavivir.com\/wp-content\/uploads\/2024\/02\/WhatsApp-Image-2024-02-10-at-21.53.59-775x1024.jpeg 775w, https:\/\/nutricionparavivir.com\/wp-content\/uploads\/2024\/02\/WhatsApp-Image-2024-02-10-at-21.53.59-227x300.jpeg 227w, https:\/\/nutricionparavivir.com\/wp-content\/uploads\/2024\/02\/WhatsApp-Image-2024-02-10-at-21.53.59-768x1015.jpeg 768w, https:\/\/nutricionparavivir.com\/wp-content\/uploads\/2024\/02\/WhatsApp-Image-2024-02-10-at-21.53.59.jpeg 1080w\" sizes=\"auto, (max-width: 775px) 100vw, 775px\" \/><\/figure>\n\n\n\n<p><\/p>\n\n\n\n<p class=\"has-text-align-center\">                                                                                                                          Nutrici\u00f3n para Vivir te espera.<\/p>\n","protected":false},"excerpt":{"rendered":"<p>Mi filosof\u00eda&nbsp; es que te encuentres contigo mismo, modificando conductas y acciones que solo se convierten en conductas repetitivas y te deja lejos tus ideales. &hellip;<\/p>\n","protected":false},"author":1,"featured_media":282,"parent":0,"menu_order":0,"comment_status":"closed","ping_status":"closed","template":"","meta":{"_monsterinsights_skip_tracking":false,"_monsterinsights_sitenote_active":false,"_monsterinsights_sitenote_note":"","_monsterinsights_sitenote_category":0,"footnotes":""},"class_list":["post-105","page","type-page","status-publish","has-post-thumbnail","hentry"],"_links":{"self":[{"href":"https:\/\/nutricionparavivir.com\/index.php?rest_route=\/wp\/v2\/pages\/105","targetHints":{"allow":["GET"]}}],"collection":[{"href":"https:\/\/nutricionparavivir.com\/index.php?rest_route=\/wp\/v2\/pages"}],"about":[{"href":"https:\/\/nutricionparavivir.com\/index.php?rest_route=\/wp\/v2\/types\/page"}],"author":[{"embeddable":true,"href":"https:\/\/nutricionparavivir.com\/index.php?rest_route=\/wp\/v2\/users\/1"}],"replies":[{"embeddable":true,"href":"https:\/\/nutricionparavivir.com\/index.php?rest_route=%2Fwp%2Fv2%2Fcomments&post=105"}],"version-history":[{"count":13,"href":"https:\/\/nutricionparavivir.com\/index.php?rest_route=\/wp\/v2\/pages\/105\/revisions"}],"predecessor-version":[{"id":302,"href":"https:\/\/nutricionparavivir.com\/index.php?rest_route=\/wp\/v2\/pages\/105\/revisions\/302"}],"wp:featuredmedia":[{"embeddable":true,"href":"https:\/\/nutricionparavivir.com\/index.php?rest_route=\/wp\/v2\/media\/282"}],"wp:attachment":[{"href":"https:\/\/nutricionparavivir.com\/index.php?rest_route=%2Fwp%2Fv2%2Fmedia&parent=105"}],"curies":[{"name":"wp","href":"https:\/\/api.w.org\/{rel}","templated":true}]}}